{"id":1088,"date":"2020-07-17T03:32:38","date_gmt":"2020-07-17T08:32:38","guid":{"rendered":"https:\/\/asdepiedra.com\/proximamente\/"},"modified":"2021-07-06T00:28:34","modified_gmt":"2021-07-06T05:28:34","slug":"proximamente","status":"publish","type":"page","link":"https:\/\/asdepiedra.com\/fr\/","title":{"rendered":"Bient\u00f4t \u00e0 la maison"},"content":{"rendered":"<p>[et_pb_section fb_built=\u00a0\u00bb1&Prime; _builder_version=\u00a0\u00bb3.22&Prime; custom_padding=\u00a0\u00bb48px|||||\u00a0\u00bb][et_pb_row _builder_version=\u00a0\u00bb3.25&Prime; background_size=\u00a0\u00bbinitial\u00a0\u00bb background_position=\u00a0\u00bbtop_left\u00a0\u00bb background_repeat=\u00a0\u00bbrepeat\u00a0\u00bb min_height=\u00a0\u00bb570px\u00a0\u00bb][et_pb_column type=\u00a0\u00bb4_4&Prime; _builder_version=\u00a0\u00bb3.25&Prime; custom_padding=\u00a0\u00bb|||\u00a0\u00bb custom_padding__hover=\u00a0\u00bb|||\u00a0\u00bb][et_pb_text _builder_version=\u00a0\u00bb4.8.2&Prime; text_font=\u00a0\u00bbBasic||||||||\u00a0\u00bb text_letter_spacing=\u00a0\u00bb4px\u00a0\u00bb background_size=\u00a0\u00bbinitial\u00a0\u00bb background_position=\u00a0\u00bbtop_left\u00a0\u00bb background_repeat=\u00a0\u00bbrepeat\u00a0\u00bb inline_fonts=\u00a0\u00bbArial,Amaranth\u00a0\u00bb]<\/p>\n<p><!-- divi:image {\"id\":28,\"sizeSlug\":\"medium\",\"className\":\"is-style-default\"} --> <!-- \/divi:image --><\/p>\n<p style=\"text-align: center;\"><img loading=\"lazy\" decoding=\"async\" class=\"wp-image-29 alignnone size-medium\" src=\"https:\/\/asdepiedra.com\/wp-content\/uploads\/2020\/07\/logo-as-300x265.png\" alt=\"\" width=\"300\" height=\"265\"><\/p>\n<p style=\"text-align: center;\"><span style=\"color: #9b834f; font-size: large; font-family: Amaranth; font-weight: normal;\"><strong>   <span style=\"font-size: x-large;\">BIENTT EN VENTE !<\/span><\/strong><\/span><\/p>\n<p style=\"text-align: center;\">\n<p style=\"text-align: center;\">Jeune Artisan Mezcal de Matatl\u00e1n Oaxaca<\/p>\n<p style=\"text-align: center;\"><strong>Naturel, Ver et Sein <\/strong><\/p>\n<p style=\"text-align: center;\">Mezcal a pri\u00e9, inspir\u00e9 et fait pour \u00eatre bu avec respect<\/p>\n<p style=\"text-align: center;\">Espadin Agave, 45% d&rsquo;alcool<\/p>\n<p style=\"text-align: center;\">\n<p><!-- \/divi:paragraph --><\/p>\n<p>[\/et_pb_text][et_pb_text _builder_version=\u00a0\u00bb4.4.9&Prime; custom_padding=\u00a0\u00bb||4px|||\u00a0\u00bb inline_fonts=\u00a0\u00bbCagliostro,Calistoga\u00a0\u00bb]<\/p>\n<p><span style=\"font-weight: normal; font-family: Cagliostro;\"> <\/span><\/p>\n<p style=\"text-align: center;\"><span style=\"font-family: Cagliostro; font-weight: normal; font-size: large;\">Lorsque vous piochez la carte As de pierre dans votre lecture de tarot (Haindl), des b\u00e9n\u00e9dictions et des cadeaux entrent dans votre vie. Il est temps d&rsquo;en profiter. Ce mezcal est une invitation \u00e0 c\u00e9l\u00e9brer en conscience, \u00e0 retrouver le respect de cette ancienne boisson sacr\u00e9e et \u00e0 appr\u00e9cier le d\u00e9tail de chaque boisson. Maintenant plus que jamais, buvez avec mesure et appr\u00e9ciez l&rsquo;effet tonique de cette boisson sur votre corps \/ \u00e2me. <\/span><\/p>\n<p>[\/et_pb_text][et_pb_text _builder_version=\u00a0\u00bb4.4.9&Prime; text_letter_spacing=\u00a0\u00bb8px\u00a0\u00bb]<\/p>\n<p style=\"text-align: center;\"><strong>Amour, vision, inspiration<\/strong><\/p>\n<p>[\/et_pb_text][\/et_pb_column][\/et_pb_row][\/et_pb_section]<\/p>\n","protected":false},"excerpt":{"rendered":"<p>BIENTT EN VENTE ! Jeune Artisan Mezcal de Matatl\u00e1n Oaxaca Naturel, Ver et Sein Mezcal a pri\u00e9, inspir\u00e9 et fait pour \u00eatre bu avec respect Espadin Agave, 45% d&rsquo;alcool Lorsque vous piochez la carte As de pierre dans votre lecture de tarot (Haindl), des b\u00e9n\u00e9dictions et des cadeaux entrent dans votre vie. Il est temps [&hellip;]<\/p>\n","protected":false},"author":1,"featured_media":0,"parent":0,"menu_order":0,"comment_status":"closed","ping_status":"closed","template":"","meta":{"_et_pb_use_builder":"on","_et_pb_old_content":"","_et_gb_content_width":"1080","footnotes":""},"_links":{"self":[{"href":"https:\/\/asdepiedra.com\/fr\/wp-json\/wp\/v2\/pages\/1088"}],"collection":[{"href":"https:\/\/asdepiedra.com\/fr\/wp-json\/wp\/v2\/pages"}],"about":[{"href":"https:\/\/asdepiedra.com\/fr\/wp-json\/wp\/v2\/types\/page"}],"author":[{"embeddable":true,"href":"https:\/\/asdepiedra.com\/fr\/wp-json\/wp\/v2\/users\/1"}],"replies":[{"embeddable":true,"href":"https:\/\/asdepiedra.com\/fr\/wp-json\/wp\/v2\/comments?post=1088"}],"version-history":[{"count":6,"href":"https:\/\/asdepiedra.com\/fr\/wp-json\/wp\/v2\/pages\/1088\/revisions"}],"predecessor-version":[{"id":1128,"href":"https:\/\/asdepiedra.com\/fr\/wp-json\/wp\/v2\/pages\/1088\/revisions\/1128"}],"wp:attachment":[{"href":"https:\/\/asdepiedra.com\/fr\/wp-json\/wp\/v2\/media?parent=1088"}],"curies":[{"name":"wp","href":"https:\/\/api.w.org\/{rel}","templated":true}]}}